{"id":1131,"date":"2021-11-30T17:57:53","date_gmt":"2021-11-30T17:57:53","guid":{"rendered":"https:\/\/maximoexclusive.com\/index.php\/producto\/sudadera-de-moda-con-capucha-unisex-2\/"},"modified":"2025-09-19T01:16:27","modified_gmt":"2025-09-19T01:16:27","slug":"sudadera-de-moda-con-capucha-unisex-2","status":"publish","type":"product","link":"https:\/\/maximoexclusive.com\/index.php\/producto\/sudadera-de-moda-con-capucha-unisex-2\/","title":{"rendered":"Sudadera de moda con capucha unisex"},"content":{"rendered":"<p>\u00bfBuscas una nueva prenda para descansar en casa? Te presentamos la sudadera unisex con capucha de moda. La mezcla de algod\u00f3n y poli\u00e9ster de la sudadera garantiza la comodidad y durabilidad, de esta prenda, ideal para las fr\u00edas noches de invierno y los d\u00edas frescos de verano.<\/p>\n<p>\u2022 65% algod\u00f3n, 25% poli\u00e9ster reciclado, 10% poli\u00e9ster<br \/>\n\u2022 Los tonos Heather est\u00e1n elaborados en 60% algod\u00f3n, 30% poli\u00e9ster reciclado, 10% poli\u00e9ster<br \/>\n\u2022 Peso del tejido: 290 g\/m\u00b2 (8,5 oz\/y\u00b2)<br \/>\n\u2022 Corte regular<br \/>\n\u2022 Construcci\u00f3n con costuras laterales<br \/>\n\u2022 Capucha del mismo tejido compuesta de dos capas y tres paneles<br \/>\n\u2022 Pu\u00f1os bajo acanalados<br \/>\n\u2022 Bolsillos laterales ocultos<br \/>\n\u2022 Producto base procedente de Pakist\u00e1n<\/p>\n","protected":false},"excerpt":{"rendered":"<p>\u00bfBuscas una nueva prenda para descansar en casa? Te presentamos la sudadera unisex con capucha de moda. La mezcla de algod\u00f3n y poli\u00e9ster de la sudadera garantiza la comodidad y durabilidad, de esta prenda, ideal para las fr\u00edas noches de invierno y los d\u00edas frescos de verano. \u2022 65% algod\u00f3n, 25% poli\u00e9ster reciclado, 10% poli\u00e9ster &hellip;<\/p>\n<p class=\"read-more\"> <a class=\"\" href=\"https:\/\/maximoexclusive.com\/index.php\/producto\/sudadera-de-moda-con-capucha-unisex-2\/\"> <span class=\"screen-reader-text\">Sudadera de moda con capucha unisex<\/span> Read More \u00bb<\/a><\/p>\n","protected":false},"featured_media":1139,"comment_status":"open","ping_status":"closed","template":"","meta":{"om_disable_all_campaigns":false,"site-sidebar-layout":"","site-content-layout":"","ast-main-header-display":"","ast-hfb-above-header-display":"","ast-hfb-below-header-display":"","ast-hfb-mobile-header-display":"","site-post-title":"","ast-breadcrumbs-content":"","ast-featured-img":"","footer-sml-layout":"","theme-transparent-header-meta":"","adv-header-id-meta":"","stick-header-meta":"","header-above-stick-meta":"","header-main-stick-meta":"","header-below-stick-meta":""},"product_cat":[22],"product_tag":[],"aioseo_notices":[],"_links":{"self":[{"href":"https:\/\/maximoexclusive.com\/index.php\/wp-json\/wp\/v2\/product\/1131"}],"collection":[{"href":"https:\/\/maximoexclusive.com\/index.php\/wp-json\/wp\/v2\/product"}],"about":[{"href":"https:\/\/maximoexclusive.com\/index.php\/wp-json\/wp\/v2\/types\/product"}],"replies":[{"embeddable":true,"href":"https:\/\/maximoexclusive.com\/index.php\/wp-json\/wp\/v2\/comments?post=1131"}],"wp:featuredmedia":[{"embeddable":true,"href":"https:\/\/maximoexclusive.com\/index.php\/wp-json\/wp\/v2\/media\/1139"}],"wp:attachment":[{"href":"https:\/\/maximoexclusive.com\/index.php\/wp-json\/wp\/v2\/media?parent=1131"}],"wp:term":[{"taxonomy":"product_cat","embeddable":true,"href":"https:\/\/maximoexclusive.com\/index.php\/wp-json\/wp\/v2\/product_cat?post=1131"},{"taxonomy":"product_tag","embeddable":true,"href":"https:\/\/maximoexclusive.com\/index.php\/wp-json\/wp\/v2\/product_tag?post=1131"}],"curies":[{"name":"wp","href":"https:\/\/api.w.org\/{rel}","templated":true}]}}